{"id":2490,"date":"2023-11-20T19:30:53","date_gmt":"2023-11-20T19:30:53","guid":{"rendered":"https:\/\/alessiohotel.ro\/?page_id=2490"},"modified":"2024-03-12T05:26:25","modified_gmt":"2024-03-12T05:26:25","slug":"politica-de-confidentialitate","status":"publish","type":"page","link":"https:\/\/alessiohotel.ro\/en\/politica-de-confidentialitate\/","title":{"rendered":"Politica de confiden\u021bialitate"},"content":{"rendered":"\t\t<div data-elementor-type=\"wp-page\" data-elementor-id=\"2490\" class=\"elementor elementor-2490\">\n\t\t\t\t\t\t<section class=\"elementor-section elementor-top-section elementor-element elementor-element-75810cb elementor-section-boxed elementor-section-height-default elementor-section-height-default\" data-id=\"75810cb\" data-element_type=\"section\">\n\t\t\t\t\t\t<div class=\"elementor-container elementor-column-gap-default\">\n\t\t\t\t\t<div class=\"elementor-column elementor-col-100 elementor-top-column elementor-element elementor-element-76c6569\" data-id=\"76c6569\" data-element_type=\"column\">\n\t\t\t<div class=\"elementor-widget-wrap elementor-element-populated\">\n\t\t\t\t\t\t<div class=\"elementor-element elementor-element-f12c195 elementor-widget__width-initial elementor-widget elementor-widget-text-editor\" data-id=\"f12c195\" data-element_type=\"widget\" data-widget_type=\"text-editor.default\">\n\t\t\t\t<div class=\"elementor-widget-container\">\n\t\t\t\t\t\t\t\t\t<p><\/p>\n<h4 class=\"wp-block-heading\"><strong>DECLARA\u021aIA PRIVIND PRELUCRAREA DATELOR CU CARACTER PERSONAL<\/strong><\/h4>\n<p>Societatea SC SKYLEIST CONS SRL persoan\u0103 juridic\u0103 cu sediul social \u00een Municipiul Ploie\u0219ti, Str. Ion Luca Caragiale 4 E, Etaj P, camera 1, Jude\u021b Prahova. Rom\u00e2nia, \u00een calitate de operator, dore\u0219te s\u0103 v\u0103 informeze despre prelucrarea datelor dumneavoastr\u0103 cu caracter personal \u00een contextul opera\u021biuni referitoare la furnizarea serviciilor SC SKYLEIST CONS SRL c\u0103tre clien\u021bi, \u00een scopurile specificate mai jos.<\/p>\n<p>Prin natur\u0103 \u0219i procedurile serviciilor furnizate SC SKYLEIST CONS SRL, utilizatorii acestora (&#8222;Clien\u021bi&#8221; sau &#8222;Utilizatori&#8221;) transmit anumite date personale utilizate pentru a asigura furnizarea \u0219i desf\u0103\u0219urarea conform prevederilor legale \u0219i procedurilor proprii, \u00een condi\u021bii optime \u0219i \u00een siguran\u021b\u0103 a serviciilor. Protejarea datelor cu caracter personal ale clien\u021bilor SC SKYLEIST CONS SRL \u0219i p\u0103strarea acestora \u00een siguran\u021b\u0103 este una din preocup\u0103rile importante ale SC SKYLEIST CONS SRL \u0219i agen\u021bilor, partenerilor, subcontractan\u021bilor implica\u021bi \u00een furnizarea serviciilor.<\/p>\n<p>Aceast\u0103 Declara\u021bie privind Politica de confiden\u021bialitate reflect\u0103 politic\u0103 de confiden\u021bialitate aplicat\u0103 tuturor utilizatorilor serviciilor\/produselor SC SKYLEIST CONS SRL \u00eenc\u00e2t ace\u0219tia s\u0103 fie informa\u021bi \u0219i s\u0103 poat\u0103 decide \u00een cuno\u0219tin\u021b\u0103 de cauz\u0103 asupra modului \u00een care datele lor personale care sunt colectate prin utilizarea serviciului sunt sau vor fi utilizate precum \u0219i a drepturilor pe care le au.<\/p>\n<h5><strong>DATELE CU CARACTER PERSONAL<\/strong><\/h5>\n<p>Prin date cu caracter personal se \u00een\u021beleg at\u00e2t datele cu caracter nepersonal, c\u00e2t \u0219i datele cu caracter personal &#8211; informa\u021bii referitoare la o persoan\u0103 fizic\u0103 identificat\u0103 sau identificabil\u0103. O persoan\u0103 identificabil\u0103 este acea persoan\u0103 care poate fi identificat\u0103, direct sau indirect, \u00een mod particular prin referire la un element de identificare, incluz\u00e2nd, dar f\u0103r\u0103 a se limita la:<\/p>\n<ul>\n<li>(i) nume, prenume, adresa, e-mail, telefon (ex. fix, mobil, fax);<\/li>\n<li>(ii) informa\u021bii de natur\u0103 financiar\u0103 (ex. venituri, etc. );<\/li>\n<li>(iii) diverse informa\u021bii necesare sau solicitate de autorit\u0103\u021bi specifice furniz\u0103rii serviciilor\/produselor;<\/li>\n<li>(iv) informa\u021bii rezultate c\u0103 urmare a monitoriz\u0103rii video\/audio \u00een cazul \u00een care Clientul viziteaz\u0103 una din loca\u021biile \u00een care se furnizeaz\u0103 serviciile\/produsele SC SKYLEIST CONS SRL sau contacteaz\u0103 serviciile de suport;<\/li>\n<li>(v) semn\u0103tur\u0103;<\/li>\n<li>(vi) orice alte informa\u021bii care deriv\u0103 din acestea \u00een urma prelucr\u0103rilor efectuate de SC SKYLEIST CONS SRL (ex, segmentarea clientelei \u00een func\u021bie de diferite criterii, identificatorul unic generat la nivelul SC SKYLEIST CONS SRL pentru fiecare client \u00een parte, informa\u021bii specifice serviciilor\/produselor oferite de SC SKYLEIST CONS SRL etc. ) \u0219i orice alte informa\u021bii care sunt necesare desf\u0103\u0219ur\u0103rii activit\u0103\u021bilor SC SKYLEIST CONS SRL;<\/li>\n<li>(vii) iP-ul sau activit\u0103\u021bile efectuate atunci c\u00e2nd navighezi pe site-ul nostru sau folose\u0219ti aplica\u021biile\/serviciile SC SKYLEIST CONS SRL). Prelucrarea datelor cu caracter personal \u00eenseamn\u0103 orice opera\u021biune sau set de opera\u021biuni care se efectueaz\u0103 asupra datelor cu caracter personal, prin mijloace automate sau neautomate, cum ar fi colectarea, \u00eenregistrarea, organizarea, stocarea, adaptarea ori modificarea, extragerea, consultarea, utilizarea, dezv\u0103luirea c\u0103tre ter\u021bi prin transmitere, diseminare sau \u00een orice alt mod, al\u0103turarea ori combinarea, blocarea, arhivare, \u0219tergerea, distrugerea etc.<\/li>\n<\/ul>\n<h5><strong>COLECTAREA INFORMA\u021aIILOR<\/strong><\/h5>\n<p>Este posibil s\u0103 v\u0103 colect\u0103m \u0219i s\u0103 v\u0103 prelucr\u0103m datele personale \u00een scopul \u00eendeplinirii obliga\u021biilor contractuale care ne revin fa\u021b\u0103 de dvs, gestion\u0103rii \u0219i administr\u0103rii conturilor dvs. (dac\u0103 este cazul), recrut\u0103rii \u0219i dezvolt\u0103rii personalului, sau \u00een scopul asigur\u0103rii conformit\u0103\u021bii cu legisla\u021bia \u00een vigoare. Dac\u0103 v-a\u021bi declarat de acord cu o astfel de utilizare, v\u0103 vom folosi informa\u021biile \u0219i pentru a v\u0103 oferi produse \u0219i\/sau servicii despre care credem ar putea fi de interes pentru dvs. Site-ul, prin politicile adoptate, inclusiv prin regulamentele interne, subliniaz\u0103 importan\u021b\u0103 protej\u0103rii datelor personale, se va asigura c\u0103 v\u0103 respecta drepturile persoanelor vizate \u00een temeiul GDPR \u0219i va depune toate eforturile pentru c\u0103 datele dumneavoastr\u0103 s\u0103 fie prelucrate cu respectarea cerin\u021belor GDPR.Acesta Politica are rolul de a v\u0103 informa \u00een mod adecvat cu privire la prelucrarea datelor dumneavoastr\u0103 \u00een contextul utiliz\u0103rii serviciilor Site-ului. Dac\u0103 dumneavoastr\u0103 ave\u021bi sub v\u00e2rsta de 16 ani, v\u0103 rug\u0103m s\u0103 nu ne furniza\u021bi date cu caracter personal. Colect\u0103m urm\u0103toarele date: Colect\u0103m \u0219i prelucr\u0103m datele dumneavoastr\u0103 atunci c\u00e2nd interac\u021biona\u021bi cu Societatea prin intermediul Site-ului, respectiv informa\u021biile pe care ni le furniza\u021bi prin completarea formularului de rezervare sau a formularului de contact de pe Site. Datele cu caracter personal pe care le colect\u0103m prin intermediul formularului de contact \u0219i ulterior prelucr\u0103m sunt: [nume] [adresa de email].Datele cu caracter personal pe care le colect\u0103m prin intermediul formularului de rezervare \u0219i ulterior prelucr\u0103m sunt: [nume] [prenume] [adresa de email] [num\u0103rul de telefon de contact] \u0219i o serie de date cu caracter personal op\u021bionale pentru a facilita procesul de rezervare al caz\u0103rilor: [\u021bar\u0103] [compania] [adresa po\u0219tal\u0103] [scopul \u0219ederii] [ora\u0219\/loca\u021bie] [cereri speciale] [stat\/regiune] [cod po\u0219tal].<\/p>\n<h5><strong>SCOPURILE PRELUCR\u0102RII DATELOR CU CARACTER PERSONAL<\/strong><\/h5>\n<p>Prin acceptarea acestei Politici v\u0103 exprima\u021bi acordul pentru includerea datelor dumneavoastr\u0103 cu caracter personal \u00een baza de date a Societ\u0103\u021bii. Societatea nu poate fi tras\u0103 la r\u0103spundere pentru incorectitudinea datelor pe care le-a\u021bi furnizat, lipsa actualiz\u0103rii acestora \u0219i\/sau neglijen\u021b\u0103 dumneavoastr\u0103 referitoare la securitatea datelor, respectiv a coresponden\u021bei transmise prin intermediul emailului\/po\u0219tei \u0219i\/sau mesajelor de tip SMS \u0219i nu poate fi tras\u0103 la r\u0103spundere \u00een situa\u021bia \u00een care ter\u021be persoane au intrat \u00een posesia datelor dumneavoastr\u0103. Societatea p\u0103streaz\u0103, conform specifica\u021biilor regulamentului privind protec\u021bia datelor personale, toate informa\u021biile colectate \u00een scopul derul\u0103rii rela\u021biilor contractuale sau precontractuale precum \u0219i o eviden\u021b\u0103 a tranzac\u021biilor efectuate \u00een format electronic \u0219i care sunt necesare pentru constatarea, exercitarea sau ap\u0103rarea unui drept \u00een instan\u021b\u0103. \u00cen acest scop, un set minim de date cu privire la identitatea dvs, va fi prelucrat cu scopul unic al respect\u0103rii legisla\u021biei \u00een vigoare cu privire la asigurarea eviden\u021bei, inventarierii, selec\u021bion\u0103rii, p\u0103str\u0103rii \u0219i folosirii documentelor pe care le de\u021bine.<\/p>\n<h5><strong>TEMEIURILE PRELUCR\u0102RILOR DATELOR CU CARACTER PERSONAL<\/strong><\/h5>\n<p>SC SKYLEIST CONS SRL prelucreaz\u0103 datele cu caracter personal \u00een scopurile men\u021bionate mai sus, \u00een baza urm\u0103toarelor temeiuri:1. Executarea contractului \u0219i pa\u0219ii prelimin\u0103ri pentru acest contract (art. 6 (1) b GDPR) &#8211; pentru datele colectate prin formularul de comand\u0103 sau datele primite c\u0103 urmare a serviciilor de rela\u021bii cu clien\u021bii;2. Obliga\u021bii legale (art. 6 (1) c GDPR) pentru datele necesare pentru facturare;3. Consim\u021b\u0103m\u00e2nt (art 6 (1) a GDPR) pentru datele folosite pentru marketing pentru vizitatorii site-ului (e.g. abonarea la newsletter, cookie-uri de marketing, etc. );4. Interesul legitim (art 6 (1) f GDPR pentru datele folosite pentru marketing pentru clien\u021bii actuali (conform art. legea 506\/2004 art 12 (2) ), securitatea site-ului propriu (considerent 49 GDPR) \u0219i datele folosite intern pentru optimizarea site-ului propriu (\u0219i anonimizate sau pseudonimizate, dup\u0103 caz).<\/p>\n<h5><strong>ESTE OBLIGATORIE PENTRU UTILIZATOR COMUNICAREA DATELOR? CARE SUNT CONSECIN\u021aELE \u00ceN CAZ DE REFUZ?<\/strong><\/h5>\n<p>Prelucr\u0103rile datelor cu caracter personal solicitate utilizatorilor\/poten\u021bialilor utilizatori de c\u0103tre SC SKYLEIST CONS SRL \u00een vederea furniz\u0103rii serviciilor sunt considerate strict necesare pentru furnizarea serviciilor conform prevederilor legale \u0219i procedurilor SC SKYLEIST CONS SRL. Refuzul de a furniza astfel de date ne pune \u00een imposibilitatea de a furniza serviciile. Utilizatorul poate opta s\u0103 nu i se prelucreze datele \u00een scopuri de marketing direct.<\/p>\n<h5><strong>DESTINATARII DATELOR CU CARACTER PERSONAL<\/strong><\/h5>\n<p>Pentru \u00eendeplinirea scopurilor men\u021bionate mai sus, societatea poate dezv\u0103lui datele Clien\u021bilor, acolo unde este strict necesar, pe baza nevoii de cunoa\u0219tere, c\u0103tre urm\u0103toarele categorii de ter\u021bi: \u2022 autorit\u0103\u021bi de reglementare \u0219i autorit\u0103\u021bi legale; \u2022 parteneri contractuali. Ace\u0219ti parteneri contractuali \u00ee\u0219i desf\u0103\u0219oar\u0103 activitatea comercial\u0103 \u0219i \u00een Rom\u00e2nia, iar acestora le pot fi furnizate datele dumneavoastr\u0103 cu caracter personal pentru a fi folosite \u00een limita obliga\u021biilor pe care \u0219i le-au asumat fa\u021b\u0103 de societate. Datele cu caracter personal pe care le divulg\u0103m c\u0103tre persoanele \u00eemputernicite de noi cu prelucrarea lor sunt limitate la minimul necesar de date cu caracter personal \u00een vederea realiz\u0103rii serviciilor respective \u0219i, totodat\u0103, le solicit\u0103m s\u0103 nu foloseasc\u0103 datele cu caracter personal \u00een niciun alt scop. Depunem toate eforturile s\u0103 ne asigur\u0103m c\u0103 toate entit\u0103\u021bile cu care noi lucr\u0103m stocheaz\u0103 datele dumneavoastr\u0103 cu caracter personal \u00een condi\u021bii de siguran\u021b\u0103 \u0219i securitate. De asemenea, unii dintre ei sunt la r\u00e2ndul lor operatori care \u00ee\u0219i desf\u0103\u0219oar\u0103 activitatea comercial\u0103 \u0219i \u00een Rom\u00e2nia, cum ar fi furnizori ai serviciilor de plat\u0103 \u00een calitate de agen\u021bi. Unii dintre ei sunt ter\u021be p\u0103r\u021bi care nu au rolul de a prelucra datele cu caracter personal, dar pot avea acces la ele \u00een vederea \u00eendeplinirii obliga\u021biilor lor sau \u00een interac\u021biunea lor cu societatea, dup\u0103 cum ar fi societ\u0103\u021bi de mentenan\u021b\u0103 tehnic\u0103, auditori financiari sau prestatori de servicii juridice. Datele cu caracter personal men\u021bionate mai sus pot fi puse la dispozi\u021bie sau transmise unor p\u0103r\u021bi ter\u021be \u00een urm\u0103toarele situa\u021bii:<\/p>\n<ul>\n<li>(i) autorit\u0103\u021bi publice, auditori sau institu\u021bii cu competen\u021be \u00een activit\u0103\u021bi de control cu privire la serviciile, activit\u0103\u021bile sau activele societ\u0103\u021bii, care solicit\u0103 societ\u0103\u021bii s\u0103 furnizeze informa\u021bii, \u00een baza obliga\u021biilor legale care incumb\u0103 societ\u0103\u021bii;<\/li>\n<li>(ii) pentru \u00eendeplinirea unei cerin\u021be legale, inclusiv cele legate de furnizarea serviciilor, sau pentru protejarea drepturilor \u0219i activelor societ\u0103\u021bii noastre sau ale altor entit\u0103\u021bi sau persoane, dup\u0103 cum ar fi instan\u021bele de judecat\u0103;<\/li>\n<li>(iii) p\u0103r\u021bi ter\u021be achizitoare, \u00een m\u0103sura \u00een care activitatea societ\u0103\u021bii ar fi (total sau par\u021bial) transferat\u0103, iar datele cu caracter personal are persoanelor vizate ar fi parte din activele reprezent\u00e2nd obiectul tranzac\u021biei.<\/li>\n<\/ul>\n<p>De asemenea, pentru scopul prelucr\u0103rii reglementat mai sus, putem furniza datele dumneavoastr\u0103 cu caracter personal societ\u0103\u021bilor care fac parte din grupul SC SKYLEIST CONS SRL, companii care vor fi supuse instruc\u021biunilor societ\u0103\u021bii \u00een ceea ce prive\u0219te prelucrarea datelor dumneavoastr\u0103 cu caracter personal.<\/p>\n<h5><strong>TRANSFERUL DATELOR CU CARACTER PERSONAL \u00ceN AFARA \u021a\u0102RII<\/strong><\/h5>\n<p>\u00cen contextul opera\u021biunilor descrise mai sus, datele cu caracter personal ale Clien\u021bilor pot fi transferate \u00een afara \u021b\u0103rii c\u0103tre state din Uniunea European\u0103 (&#8222;UE&#8221;) sau din spa\u021biul Economic European (&#8222;SEE&#8221;). Astfel, inform\u0103m Clien\u021bii, prin prezenta, ca orice transfer efectuat de c\u0103tre societate c\u0103tre un stat membru UE sau SEE va respecta prevederile legale din Regulamentul General privind protec\u021bia datelor nr. 2016\/679 adoptat de Parlamentul European (&#8222;GDPR&#8221;).<\/p>\n<h5><strong>DURATA PRELUCR\u0102RII<\/strong><\/h5>\n<p>Vom stoca datele cu caracter personal ale Clien\u021bilor doar pentru perioada de timp necesar\u0103 atingerii scopurilor prelucr\u0103rii, a\u0219a cum sunt ele men\u021bionate mai sus, \u0219i cu respectarea reglement\u0103rilor legale \u00een vigoare inclusiv, dar f\u0103r\u0103 a se limita la dispozi\u021biile \u00een materia arhivarii.<\/p>\n<h5><strong>CE SE \u00ceNT\u00c2MPL\u0102 CU DATELE UTILIZATORILOR CU CARACTER PERSONAL DUP\u0102 CE PRELUCRAREA \u00ceNCETEAZ\u0102<\/strong><\/h5>\n<p>Dup\u0103 momentul \u00een care durata prelucr\u0103rii men\u021bionat\u0103 mai sus expir\u0103 \u0219i societatea nu mai are motive legale sau un interes legitim cu privire la prelucrarea datelor dumneavoastr\u0103 cu caracter personal, datele cu caracter personal vor fi \u0219terse \u00een conformitate cu procedurile societ\u0103\u021bii, care pot implica arhivarea, anonimizarea, distrugerea.<\/p>\n<h5><strong>PROCESUL DECIZIONAL AUTOMATIZAT \u0218I CREAREA DE PROFILURI<\/strong><\/h5>\n<p>Datele cu caracter personal men\u021bionate \u00een prezen\u021ba pot fi supuse unor procese decizionale automatizate, inclusive creare de profiluri.<\/p>\n<h5><strong>SECURITATEA PRELUCR\u0102RII DATELOR CU CARACTER PERSONAL<\/strong><\/h5>\n<p>Societatea evalueaz\u0103 \u0219i \u00eembun\u0103t\u0103\u021be\u0219te \u00een mod constant m\u0103surile de securitate implementate \u00een vederea asigur\u0103rii unei prelucr\u0103ri a datelor cu caracter personal \u00een condi\u021bii de siguran\u021b\u0103 \u0219i securitate.<\/p>\n<h5><strong>DREPTURILE PERSOANEI VIZATE \u00ceN CEEA CE PRIVE\u0218TE PRELUCRAREA DATELOR CU CARACTER PERSONAL<\/strong><\/h5>\n<p>\u00cen contextul prelucr\u0103rii datelor cu caracter personal ale utilizatorilor \/ poten\u021bialilor utilizatori, persoana vizat\u0103 are urm\u0103toarele drepturi: Conform Regulamentului, v\u0103 bucura\u021bi de urm\u0103toarele drepturi referitoare la prelucrarea datelor personale: Dreptul privind accesul la datele colectate. \u00cen situa\u021bia \u00een care datele cu caracter personal ale dumneavoastr\u0103 sunt prelucrate de Societate v\u0103 vom oferi acces la datele respective \u0219i la o serie de informa\u021bii potrivit GDPR. V\u0103 vom transmite dac\u0103 ne ve\u021bi solicita o copie a datelor dumneavoastr\u0103 care fac obiectul prelucr\u0103rii; Dreptul la rectificare. Ave\u021bi dreptul de a ob\u021bine de la Societate, la cerere \u0219i \u00een mod gratuit, rectificarea datele dumeavoastr\u0103 inexacte, av\u00e2nd \u00een acela\u0219i timp dreptul de a ob\u021bine completarea datelor dumneavoastr\u0103 care sunt incomplete, inclusiv prin furnizarea unei declara\u021bii suplimentare; Dreptul la \u0219tergerea datelor (&#8222;dreptul de a fi uitat&#8221;). Ave\u021bi dreptul de a ob\u021bine din partea Societ\u0103\u021bii \u0219tergerea datelor dumneavoastr\u0103 dac\u0103 se aplic\u0103 unul dintre motivele prev\u0103zute de GDPR.Dreptul la restric\u021bionarea prelucr\u0103rii. Ave\u021bi dreptul de a ob\u021bine din partea Societ\u0103\u021bii restric\u021bionarea prelucr\u0103rii datelor dumneavoastr\u0103; Dreptul la portabilitatea datelor. Ave\u021bi dreptul de a primi din partea Societ\u0103\u021bii datele dumneavoastr\u0103 pe care ni le-a\u021bi furnizat \u0219i dreptul de a ne solicita, \u00een m\u0103sura \u00een care este posibil din punct de vedere tehnic, s\u0103 v\u0103 transmitem datele c\u0103tre alt operator de date cu caracter personal; Drepturile de care v\u0103 bucura\u021bi pot fi exercitate, \u00een condi\u021biile Regulamentului, prin intermediul unei cereri scrise, datate \u0219i semnate, transmise prin po\u0219t\u0103 la adresa Societ\u0103\u021bii din preambul sau pe adresa de e-mail a Societ\u0103\u021bii (office@alessiohotel.ro), cerere la care va vom r\u0103spunde \u00een termenul prev\u0103zut de GDPR. Pentru a r\u0103spunde unei asemenea cereri va trebui s\u0103 v\u0103 dovedi\u021bi identitatea \u0219i s\u0103 ne oferi\u021bi orice alte detalii care s\u0103 ne ajute s\u0103 r\u0103spundem cererii dumneavoastr\u0103. Dorim s\u0103 v\u0103 inform\u0103m c\u0103 \u00een baza prevederilor legale, avem posibilitatea de a v\u0103 refuza justificat solicit\u0103rile abuzive \u0219i\/sau anumite solicit\u0103ri care nu se \u00eencadreaz\u0103 \u00een limitele prev\u0103zute de normele \u00een vigoare \u0219i totodat\u0103 c\u0103 avem dreptul de a percepe o taxa rezonabil\u0103 \u0219i propor\u021bional\u0103 cu cererea dumneavoastr\u0103. \u00cen situa\u021bia \u00een care considera\u021bi c\u0103 prelucrarea datelor dumneavoastr\u0103 nu este efectuat\u0103 cu respectarea tuturor cerin\u021belor impuse de Regulament v\u0103 pute\u021bi adresa Autorit\u0103\u021bii Na\u021bionale de Supraveghere a Prelucr\u0103rii Datelor cu Caracter Personal (denumit\u0103 \u00een continuare &#8222;ANSPDCP&#8221;) &#8211; www.dataprotection.ro \u0219i\/sau instan\u021belor competente.<\/p>\n<h5><strong>MODIFIC\u0102RI ADUSE ACESTEI DECLARA\u021aII CU PRIVIRE LA PRELUCRAREA DATELOR CU CARACTER PERSONAL<\/strong><\/h5>\n<p>SC SKYLEIST CONS SRL \u00ee\u0219i rezerv\u0103 dreptul de a modifica prezenta Declara\u021bie &#8211; Politica de confiden\u021bialitate f\u0103r\u0103 o \u00een\u0219tiin\u021bare prealabil\u0103, \u00een conformitate cu legisla\u021bia \u00een vigoare. \u00cen m\u0103sura \u00een care prezen\u021ba Declara\u021bie va suferi modific\u0103ri, SC SKYLEIST CONS SRL va publica pe site o versiune actualizat\u0103. V\u0103 rug\u0103m s\u0103 revede\u021bi Declara\u021bia &#8211; Politica de confiden\u021bialitate din timp \u00een timp, fie pe site-ul www.alessiohotel.ro fie \u00een loca\u021biile unde sunt disponibile serviciile, pentru a fi la curent cu cea mai recent\u0103 versiune a acesteia.<\/p>\n<p>\u00a0<\/p>\n<p><\/p>\t\t\t\t\t\t\t\t<\/div>\n\t\t\t\t<\/div>\n\t\t\t\t\t<\/div>\n\t\t<\/div>\n\t\t\t\t\t<\/div>\n\t\t<\/section>\n\t\t\t\t<\/div>\n\t\t","protected":false},"excerpt":{"rendered":"<p>DECLARA\u021aIA PRIVIND PRELUCRAREA DATELOR CU CARACTER PERSONAL Societatea SC SKYLEIST CONS SRL persoan\u0103 juridic\u0103 cu sediul social \u00een Municipiul Ploie\u0219ti, Str. Ion Luca Caragiale 4 E, Etaj P, camera 1, Jude\u021b Prahova. Rom\u00e2nia, \u00een calitate de operator, dore\u0219te s\u0103 v\u0103 informeze despre prelucrarea datelor dumneavoastr\u0103 cu caracter personal \u00een contextul opera\u021biuni referitoare la furnizarea serviciilor &#8230;<\/p>","protected":false},"author":1,"featured_media":0,"parent":0,"menu_order":0,"comment_status":"closed","ping_status":"open","template":"template-fullwidth.php","meta":{"slim_seo":{"title":"Politica de confiden\u021bialitate - Alessio Hotel &amp; Residence","description":"DECLARA\u021aIA PRIVIND PRELUCRAREA DATELOR CU CARACTER PERSONAL Societatea SC SKYLEIST CONS SRL persoan\u0103 juridic\u0103 cu sediul social \u00een Municipiul Ploie\u0219ti, Str. Ion"},"cozystay_single_page_hide_site_header":"","cozystay_single_page_site_header_source":"","cozystay_single_page_custom_site_header":"0","cozystay_single_page_custom_sticky_site_header":"0","cozystay_single_page_hide_page_title":"","cozystay_single_page_header_section_size":"","cozystay_single_page_header_background_color":"","cozystay_single_page_header_background_position_x":"center","cozystay_single_page_header_background_position_y":"center","cozystay_single_page_header_background_size":"cover","cozystay_single_page_header_background_repeat":"off","cozystay_single_page_header_background_scroll":"on","cozystay_single_page_header_text_color":"","cozystay_single_page_header_show_breadcrumb":"","cozystay_single_page_site_footer_hide_main":"","cozystay_single_custom_site_footer_main_source":"custom","cozystay_single_custom_site_footer_main":"2459","cozystay_single_page_site_footer_hide_above":"","cozystay_single_custom_site_footer_above_source":"","cozystay_single_custom_site_footer_above":"0","cozystay_single_page_site_footer_hide_instagram":"","cozystay_single_page_site_footer_hide_bottom":"","cozystay_single_custom_mobile_menu_source":"","cozystay_single_custom_mobile_menu":"0","cozystay_single_custom_mobile_menu_animation":"","cozystay_single_custom_mobile_menu_width":"","cozystay_single_custom_mobile_menu_custom_width":375,"footnotes":""},"class_list":["post-2490","page","type-page","status-publish","hentry"],"_links":{"self":[{"href":"https:\/\/alessiohotel.ro\/en\/wp-json\/wp\/v2\/pages\/2490","targetHints":{"allow":["GET"]}}],"collection":[{"href":"https:\/\/alessiohotel.ro\/en\/wp-json\/wp\/v2\/pages"}],"about":[{"href":"https:\/\/alessiohotel.ro\/en\/wp-json\/wp\/v2\/types\/page"}],"author":[{"embeddable":true,"href":"https:\/\/alessiohotel.ro\/en\/wp-json\/wp\/v2\/users\/1"}],"replies":[{"embeddable":true,"href":"https:\/\/alessiohotel.ro\/en\/wp-json\/wp\/v2\/comments?post=2490"}],"version-history":[{"count":1,"href":"https:\/\/alessiohotel.ro\/en\/wp-json\/wp\/v2\/pages\/2490\/revisions"}],"predecessor-version":[{"id":4048,"href":"https:\/\/alessiohotel.ro\/en\/wp-json\/wp\/v2\/pages\/2490\/revisions\/4048"}],"wp:attachment":[{"href":"https:\/\/alessiohotel.ro\/en\/wp-json\/wp\/v2\/media?parent=2490"}],"curies":[{"name":"wp","href":"https:\/\/api.w.org\/{rel}","templated":true}]}}