{"id":2,"date":"2023-11-06T14:17:23","date_gmt":"2023-11-06T14:17:23","guid":{"rendered":"https:\/\/alessiohotel.ro\/?page_id=2"},"modified":"2024-03-12T05:40:54","modified_gmt":"2024-03-12T05:40:54","slug":"termeni-si-conditii","status":"publish","type":"page","link":"https:\/\/alessiohotel.ro\/en\/termeni-si-conditii\/","title":{"rendered":"Termeni si Condi\u021bii"},"content":{"rendered":"<div data-elementor-type=\"wp-page\" data-elementor-id=\"2\" class=\"elementor elementor-2\">\n\t\t\t\t\t\t<section class=\"elementor-section elementor-top-section elementor-element elementor-element-3e7053a elementor-section-boxed elementor-section-height-default elementor-section-height-default\" data-id=\"3e7053a\" data-element_type=\"section\">\n\t\t\t\t\t\t<div class=\"elementor-container elementor-column-gap-default\">\n\t\t\t\t\t<div class=\"elementor-column elementor-col-100 elementor-top-column elementor-element elementor-element-4d7ffe2\" data-id=\"4d7ffe2\" data-element_type=\"column\">\n\t\t\t<div class=\"elementor-widget-wrap elementor-element-populated\">\n\t\t\t\t\t\t<div class=\"elementor-element elementor-element-22a4f2b elementor-widget elementor-widget-text-editor\" data-id=\"22a4f2b\" data-element_type=\"widget\" data-widget_type=\"text-editor.default\">\n\t\t\t\t<div class=\"elementor-widget-container\">\n\t\t\t\t\t\t\t\t\t<p>Folosind site-ul www.alessiohotel.ro (denumit \u00een continuare \u0219i alessiohotel.ro), sunte\u021bi implicit de acord cu Termenii \u0219i Condi\u021biile de Utilizare de mai jos. Pentru folosirea \u00een cele mai bune condi\u021bii a site-ului, se recomand\u0103 citirea cu aten\u021bie a Termenilor \u0219i Condi\u021biilor de Utilizare. \u00cen cazul \u00een care nu sunte\u021bi de acord cu Termenii \u0219i Condi\u021biile de Utilizare, nu folosi\u021bi site-ul. Www.alessiohotel.ro \u00ee\u0219i rezerv\u0103 dreptul de a modifica Termenii \u0219i Condi\u021biile de Utilizare oric\u00e2nd consider\u0103 necesar, f\u0103r\u0103 notificare prealabil\u0103. Versiunea \u00een vigoare a Termenilor \u0219i Condi\u021biilor de Utilizare este \u00een permanen\u021b\u0103 disponibil\u0103 pe site. Verficati aceast\u0103 pagina periodic, pentru a lua cuno\u0219tin\u021b\u0103 de eventualele schimb\u0103ri. Continuarea folosirii site-ului dup\u0103 schimbarea Termenilor \u0219i Condi\u021biilor de Utilizare implic\u0103 acceptarea modific\u0103rilor efectuate \u0219i a noilor Termeni \u0219i Condi\u021bii de Utilizare.<\/p><h5><strong>Informa\u021bii generale<\/strong><\/h5><p>Prin site \u00een\u021belegem colec\u021bia de informa\u021bii ob\u021binut\u0103 prin accesarea adresei de web www.alessiohotel.ro. Acest site este proprietatea societ\u0103\u021bii SC SKYLEIST CONS SRL (numit\u0103 \u00een continuare SC SKYLEIST CONS SRL) care \u00eel \u00eentre\u021bine \u0219i \u00eel administreaz\u0103:<br \/>SC SKYLEIST CONS SRL<\/p><p>Toate pre\u021burile afi\u0219ate pe site sunt exprimate \u00een RON sau EURO \u0219i includ TVA specific<\/p><h5><strong>Colectarea de informa\u021bii personale<\/strong><\/h5><p>www.alessiohotel.ro aplic\u0103 cele mai \u00eenalte standarde \u00een tratamentul confiden\u021bial al clien\u021bilor. Toate informa\u021biile (inclusiv, dar nu exclusiv, cele legate de contul clientului, tranzac\u021bii, coresponden\u021ba) sunt utilizate cu maxim\u0103 discre\u021bie. Singurele informa\u021bii personale colectate de www.alessiohotel.ro sunt acelea furnizate voluntar de c\u0103tre utilizator, la efectuarea tranzac\u021biilor sau \u00een alte opera\u021biuni. Simpl\u0103 navigare a site-ului nu implic\u0103 colectarea de informa\u021bii personale. Anumite func\u021bionalit\u0103\u021bi sau servicii din site necesit\u0103 furnizarea anumitor informa\u021bii personale; acestea vor fi folosite numai \u00een scopul pentru care au fost furnizate \u0219i\/sau pentru comunic\u0103rile dintre site \u0219i clien\u021bii s\u0103i, atunci c\u00e2nd acestea sunt necesare (de exemplu: confirmarea unei comenzi, anun\u021barea programului de s\u0103rb\u0103tori, reduceri de pre\u021b, promo\u021bii).<\/p><p>www.alessiohotel.ro nu va divulga informa\u021biile personale ale utilizatorilor colectate pe site nici unei ter\u021be persoane neautorizate. Aceste informa\u021bii pot fi \u00eens\u0103 divulgate autorit\u0103\u021bilor \u00eendrituite s\u0103 verifice tranzac\u021biile comerciale, numai la solicitarea justificat\u0103 a acestora. www.alessiohotel.ro poate furniza unor persoane competen\u021be informa\u021bii colective \u0219i statistici \u00een leg\u0103tur\u0103 cu num\u0103rul, profilul sau alte caracteristici ale utilizatorilor s\u0103i, \u00een scopul analiz\u0103rii statistice a acestora. Aceste informa\u021bii nu vor include date de identificare personal\u0103.<\/p><p>Toate func\u021biile de c\u0103utare oferite de https:\/\/www.alessiohotel.ro sunt puse la dispozi\u021bia utilizatorilor \u00een scopul sporirii func\u021bionalit\u0103\u021bii site-ului. Www.alessiohotel.ro nu colecteaz\u0103 informa\u021bii personale \u00een urma opera\u021biunilor de c\u0103utare, dar poate p\u0103stra \u0219i analiza istoricul c\u0103ut\u0103rilor efectuate, \u00een scopul de a identifica interesele clien\u021bilor \u0219i de a \u00eembun\u0103t\u0103\u021bi serviciile oferite acestora.<\/p><h5><strong>Hyperlink-uri \u0219i alte site-uri<\/strong><\/h5><p>www.alessiohotel.ro poate include \u00een site link-uri c\u0103tre alte site-uri, aflate sau nu \u00een proprietatea SC SKYLEIST CONS SRL \u0219i aceasta nu poate fi, \u00een nici o circumstan\u021b\u0103, responsabil\u0103 pentru con\u021binutul acestor site-uri.<\/p><h5><strong>Gre\u0219eli de tip\u0103rire<\/strong><\/h5><p>www.alessiohotel.ro \u0219i furnizorii s\u0103i nu \u00ee\u0219i asum\u0103 responsabilitatea pentru gre\u0219elile de dactilografiere datorate erorii umane sau dispozitivelor de afi\u0219are \u00een ceea ce prive\u0219te pre\u021burile, caracteristicile sau imaginile produselor. \u00cen cazul \u00een care o comanda nu poate fi onorata din cauza unor astfel de erori, www.alessiohotel.ro \u00ee\u0219i rezerv\u0103 dreptul de a anula comanda respectiv\u0103 \u0219i de a anun\u021ba clientul \u00een cel mai scurt timp posibil despre eroarea ap\u0103rut\u0103.<\/p><h5><strong>Utilizarea site-ului de c\u0103tre persoane sub 18 ani<\/strong><\/h5><p>www.alessiohotel.ro nu este destinat persoanelor sub 18 ani. Acestea, de\u0219i nu pot fi \u00eempiedicate, nu de\u021bin totu\u0219i dreptul de a trimite sau po\u0219t\u0103 informa\u021bii \u00een www.alessiohotel.ro, de orice natur\u0103 ar fi acestea. Orice astfel de opera\u021bie va fi executat\u0103 prin intermediul reprezentantului legal al minorului. Opera\u021biunile de achizi\u021bii produse de c\u0103tre minori vor fi anulate de \u00eendat\u0103.<\/p><h5><strong>Promo\u021bii \u0219i concursuri<\/strong><\/h5><p>Noi ne stabilim singuri regulamentele promo\u021biilor \u0219i ale concursurilor pe care le organiz\u0103m. Aceste regulamente sunt aduse la cuno\u0219tin\u021b\u0103 eventualilor participan\u021bi numai prin intermediul site-ului propriu sau alte mijloace de comunicare public\u0103 sau privat\u0103. De promo\u021bii beneficiaz\u0103 doar acele comenzi care respecta \u00eentocmai regulile afi\u0219ate pe site. De asemenea promo\u021biile se aplic\u0103 doar comenzilor care sunt \u00eenregistrate \u00een perioada de timp \u00een care promo\u021bia este valid\u0103 \u0219i numai \u00een limita stocului disponibil. Nu garant\u0103m disponibilitatea pe stoc a produselor pentru promo\u021bie \u0219i o putem \u00eentrerupe sau anula \u00een orice moment f\u0103r\u0103 nici o notificare prealabil\u0103.<\/p><h5><strong>Pre\u021bul produselor<\/strong><\/h5><p>Pre\u021burile sunt afi\u0219ate pe site \u00een lei \u0219i anume: LEI (RON) cu TVA. (sau\/\u0219i EURO prin transformare la propriul nostru curs de schimb calculate dup\u0103 formula BNR + x% unde x este un procent variabil notificat periodic)<\/p><h5><strong>Rezerv\u0103 propriet\u0103\u021bii<\/strong><\/h5><p>Produsele comandate r\u0103m\u00e2n proprietatea SC SKYLEIST CONS SRL p\u00e2n\u0103 \u00een momentul achit\u0103rii integrale a sumelor de plat\u0103.<br \/>Plata serviciilor comandate se poate face:<\/p><p>Numerar la recep\u021bie (clien\u021bi persoane fizice);<br \/>Plata numerar se face la recep\u021bie<br \/>Virament bancar \u00een contul nostru (clien\u021bi persoane juridice sau clien\u021bi persoane fizice);<br \/>Datele necesare pentru plata prin virament bancar sunt urm\u0103toarele:<br \/>Nume firma: SC SKYLEIST CONS SRL<br \/>IBAN LEI\/EURO: &#8230; <br \/>Banc\u0103: &#8230; .<br \/>Cod unic \u00eenregistrare: 28222104<br \/>On-line prin card bancar (Visa, Visa Electronic, MasterCard \u0219i Maestro);<\/p><p>Pute\u021bi efectua plata on-line cu cardul personal sau al firmei dumneavoastr\u0103, \u00een condi\u021bii de siguran\u021b\u0103 deplin\u0103. Cardurile acceptate la plata sunt cele emise sub siglele VISA, VIS\u0102 ELECTRONIC, MAESTRO \u0219i MASTERCARD.<\/p><p>Nu este perceput nici un comision suplimentar pentru tranzac\u021bii. Pentru finalizarea corect\u0103 a tranzac\u021biei, trebuie s\u0103 furniza\u021bi codul cardului (toate cifrele din cele patru grupe de pe fa\u021ba cardului, f\u0103r\u0103 spa\u021bii), data de expirare \u0219i ultimele trei cifre de pe spatele cardului inscrip\u021bionate pe banda cu semn\u0103tura dumneavoastr\u0103 (\u00een func\u021bie de card, pot lipsi).<\/p><p>Indiferent de valut\u0103 pe care o ave\u021bi \u00een cont, tranzac\u021biile se fac \u00een lei, la cursul de schimb afi\u0219at pe www.alessiohotel.ro<\/p><h5><strong>Date personale<\/strong><\/h5><p>Pe site-ul www.alessiohotel.ro, utilizatorul este responsabil pentru toate activit\u0103\u021bile care survin prin accesarea contului \u0219i parolei personale. SC SKYLEIST CONS SRL nu poate fi f\u0103cut\u0103 responsabil\u0103 pentru erorile survenite \u00een urma neglijen\u021bei utilizatorului privind securitatea \u0219i confiden\u021bialitatea contului \u0219i parolei sale.<\/p><p>Datele personale ale utilizatorului vor putea fi folosite de c\u0103tre www.alessiohotel.ro \u0219i furnizorii s\u0103i, numai \u00een scopul declarat al acestui site. Informa\u021biile din contul de \u00eenregistrare, precum \u0219i datele din formularul de comanda vor fi folosite pentru a trimite utilizatorului confirmarea comenzilor, inform\u0103ri despre eventualele promo\u021bii, etc.<\/p><p>Datele personale vor putea fi \u00eens\u0103 transmise autorit\u0103\u021bilor \u00een drept s\u0103 verifice tranzac\u021biile comerciale sau altor autorit\u0103\u021bi \u00een drept s\u0103 efectueze orice verific\u0103ri justificate \u00een baza legii, dac\u0103 acest lucru va fi solicitat \u00een conformitate cu legile \u00een vigoare.<\/p><h5><strong>Securitatea informa\u021biilor<\/strong><\/h5><p>SC SKYLEIST CONS SRL garanteaz\u0103 securitatea \u0219i confiden\u021bialitatea datelor g\u0103zduite \u0219i transmise prin sistemul sau informatic. SC SKYLEIST CONS SRL nu \u00ee\u0219i asum\u0103 \u00eens\u0103 responsabilitatea pentru pierderile de informa\u021bii cauzate de orice defec\u021biuni sau erori ale softului cu care este conceput \u0219i g\u0103zduit site-ul \u0219i nici nu garanteaz\u0103 faptul c\u0103 site-ul, serverul\/serverele s\u0103u emailurile expediate de www.alessiohotel.ro nu con\u021bin viru\u0219i sau alte componente d\u0103un\u0103toare. De asemenea, SC SKYLEIST CONS SRL nu r\u0103spunde pentru defec\u021biunile care pericliteaz\u0103 securitatea serverului pe care este g\u0103zduit site-ul. Garant\u0103m securitatea \u0219i confiden\u021bialitatea, dar nu garant\u0103m securitatea sau stabilitatea software.<\/p><h5><strong>Declinarea garan\u021biilor \u0219i limit\u0103ri ale responsabilit\u0103\u021bilor<\/strong><\/h5><p>SC SKYLEIST CONS SRL nu ofer\u0103 nici o garan\u021bie utilizatorilor referitoare la disponibilitatea serviciilor sale, corectitudinea informa\u021biilor publicate sau securitatea serviciilor sale.<\/p><p>Con\u021binutul site-ului (texte, descrieri ale produselor, caracteristici tehnice, imagini, simboluri) este proprietate a firmei SC SKYLEIST CONS SRL \u0219i a partenerilor s\u0103i \u0219i a fost alc\u0103tuit \u00een colaborare cu furnizorii produselor prezentate. Imaginile sunt prezentate pe site cu titlu de exemplu, iar produsele efectiv livrate pot diferi de imagini \u00een orice mod (culoare, accesorii, aspect etc. )<\/p><h5><strong>Comentarii, Comunic\u0103ri \u0219i Alte Date\/Informa\u021bii<\/strong><\/h5><p>Persoanele care acceseaz\u0103\/viziteaz\u0103 site-ul pot face comentarii \u0219i orice alte comunic\u0103ri; pot s\u0103 trimit\u0103 e-mailuri, s\u0103 transmit\u0103 sugestii, idei, \u00eentreb\u0103ri sau alte informa\u021bii, at\u00e2ta timp c\u00e2t con\u021binutul acestora nu este ilegal, obscen, amenin\u021b\u0103tor, def\u0103im\u0103tor, nu tulbura \u00een nici un fel via\u021ba privat\u0103 a altor persoane, nu \u00eencalc\u0103 drepturile de proprietate intelectual\u0103, nu con\u021bine viru\u0219i, texte viz\u00e2nd diverse campanii de promovare, scrisori \u00een lan\u021b, email-uri \u00een mas\u0103 sau orice alt\u0103 form\u0103 de spam. Persoanele care vor utiliza o adres\u0103 fals\u0103 de e-mail sau vor transmite mesaje electronice sau orice alte comunic\u0103ri \u00een numele unei alte persoane fizice sau juridice sau \u00een numele oric\u0103rei alte entit\u0103\u021bi vor fi sanc\u021bionate \u00een conformitate cu legile \u00een vigoare. www.alessiohotel.ro are dreptul (dar nu \u0219i obliga\u021bia) de a \u0219terge orice astfel de con\u021binuturi identificate pe site.<\/p><h5><strong>Cum \u0219ti\u021bi dac\u0103 informa\u021biile de pe credit cardul dvs. sunt \u00een siguran\u021b\u0103<\/strong><\/h5><p>Pentru a fi siguri c\u0103 a\u021bi accesat serverul nostru de securitate, \u00eenainte de a introduce informa\u021bii financiare cu caracter privat, verifica\u021bi \u00een col\u021bul din st\u00e2nga jos al browserului dvs. \u00cen cazul \u00een care vede\u021bi o cheie nedesf\u0103cut\u0103 sau o \u00eencuietoare \u00eenchis\u0103 (depinde de browserul pe care \u00eel ave\u021bi dvs), atunci sistemul SSL este activ. Ca s\u0103 repeta\u021bi verificarea sistemului de siguran\u021b\u0103, uita\u021bi-v\u0103 la URL-ul sau linia de loca\u021bie a browserului dvs. \u00cen cazul \u00een care a\u021bi accesat un server de securitate, primele caractere din adresa ar trebui s\u0103 se modifice de la &#8222;http&#8221; la&#8221;https&#8221;.<\/p><p>Anumite versiuni de browsere \u0219i anumite firewall-uri nu permit comunicarea prin intermediul serverelor de securitate pe care le folosim noi pentru a procesa comenzi la magazin. \u00cen cazul \u00een care nu pute\u021bi accesa serverul de securitate, indiferent din ce motiv, v\u0103 rug\u0103m s\u0103 ne transmite\u021bi comanda dvs prin e-mail la office@alessiohotel.ro<\/p><h5><strong>Dispozi\u021bii speciale<\/strong><\/h5><p>Dac\u0103 oricare dintre clauzele de mai sus va fi g\u0103sit\u0103 nul\u0103 sau nevalid\u0103, indiferent de cauz\u0103, aceast\u0103 clauz\u0103 nu va afecta valabilitatea celorlalte clauze. Odat\u0103 cu cump\u0103rarea \u0219i lansarea comenzii, clientul accept\u0103 f\u0103r\u0103 obiec\u021biuni condi\u021biile \u0219i termenii de utilizare, valoarea acestora fiind aceia\u0219i cu un contract valabil \u00eencheiat.<\/p><h5><strong>Despre www.alessiohotel.ro<\/strong><\/h5><p>Imaginile produselor sunt cu titlu de prezentare! Pot exista anumite diferen\u021be \u00eentre imagine \u0219i camera rezervat\u0103! Recomand\u0103m citirea cu aten\u021bie a acestor termeni \u0219i condi\u021bii. Ne asum\u0103m dreptul de a face modific\u0103ri ale acestor prevederi f\u0103r\u0103 o alt\u0103 notificare, de aceea va recomand\u0103m s\u0103 verifica\u021bi actualizarea acestora. Imaginile produselor sunt cu titlu de prezentare. Produsele sunt realizate par\u021bial automat \u0219i par\u021bial manual \u0219i pot exista anumite diferen\u021be \u00eentre imagini \u0219i produsele comandat\u0103 \u0219i recep\u021bionate.<\/p><h5><strong>Defini\u021bii:<\/strong><\/h5><p>Orice persoan\u0103 fizic\u0103 sau juridic\u0103, care comand\u0103 \u0219i achizi\u021bioneaz\u0103 produse prin intermediul acestui site &#8211; denumit \u00een continuare Client.<\/p><h5><strong>Securitatea Datelor Personale:<\/strong><\/h5><p>Datele personale vor fi folosite numai \u00een scopul declarat al acestui site. Datele furnizate de dvs. vor fi folosite numai \u00een scopuri asociate comercializ\u0103rii produselor \u0219i a serviciilor oferite de noi, \u00een scopul facilit\u0103rii comunic\u0103rii \u00eentre noi; a proces\u0103rii comenzilor; pentru anun\u021buri legate de noi produse \u0219i\/sau servicii; informa\u021bii legate de programul de s\u0103rb\u0103tori; reduceri de pre\u021b; promo\u021bii. Prin folosirea site-ului nostru accepta\u021bi aceast\u0103 politic\u0103 de confiden\u021bialitate.<\/p><p>Datele se stocheaz\u0103 \u00een baze de date pe un server securizat. Parolele clien\u021bilor \u00eenregistra\u021bi sunt criptate utiliz\u00e2nd algoritmi de criptare. Totodat\u0103, toat\u0103 activitatea la nivelul website-ului este automat monitorizat\u0103 \u0219i stocat\u0103 pentru eviden\u021b\u0103 ulterioar\u0103.<\/p><p>Suntem \u00eempotriva SPAM-ului de orice fel, \u00eel \u00een\u021belegem \u0219i lupt\u0103m \u00eempotriva lui, de aceea nu vom folosi informa\u021biile dvs dec\u00e2t \u00een strict\u0103 leg\u0103tur\u0103 cu acest site.<\/p><p>Ne pute\u021bi contacta \u0219i ne pute\u021bi cere modificarea datelor dvs. precum \u0219i \u0219tergerea definitiv\u0103 din baza noastr\u0103 de date.<br \/>Pentru mai multe informa\u021bii legate de politic\u0103 de confiden\u021bialitate va rug\u0103m s\u0103 ne contacta\u021bi.<\/p><h5><strong>Declinarea responsabilit\u0103\u021bii:<\/strong><\/h5><p>Con\u021binutul site-ului www.alessiohotel.ro a fost realizat cu mare aten\u021bie pentru introducerea corect\u0103 a datelor \u0219i respectarea acurate\u021bii informa\u021biilor. Totu\u0219i erorile nu sunt imposibile. De aceea, SC SKYLEIST CONS SRL nu \u00ee\u0219i asum\u0103 responsabilitatea pentru gre\u0219elile de tip\u0103rire sau afi\u0219are, \u00een ceea ce prive\u0219te pre\u021bul, caracteristici, imagini etc. \u00cen eventualitatea \u00een care pre\u021bul produsului s\u0103u unele caracteristici ale acestuia, au fost gre\u0219it introduse \u00een bazele noastre de date sau afi\u0219ate gre\u0219it, iar livrarea nu s-a efectuat \u00eenc\u0103, Furnizorul \u00ee\u0219i rezerv\u0103 dreptul de a anula livrarea respectivului produs \u0219i de a anun\u021ba clientul \u00een cel mai scurt timp despre eroarea ap\u0103rut\u0103. De asemenea, imaginile produselor sunt prezentate pe site cu titlu de exemplu, iar produsele livrate pot diferi de imagini \u00een orice mod, datorit\u0103 modific\u0103rii caracteristicilor, designului, f\u0103r\u0103 vreo notificare prealabil\u0103 de c\u0103tre produc\u0103tori.<\/p><h5><strong>Fraud\u0103:<\/strong><\/h5><p>ORICE \u00ceNCERCARE DE A ACCESA DATELE PERSONALE ALE ALTUI UTILIZATOR SAU DE A MODIFICA CON\u021aINUTUL SITE-ULUI www.alessiohotel.ro SAU DE A AFECTA PERFORMAN\u021aELE SERVERULUI PE CARE RULEAZ\u0102 SITE-UL VA FI CONSIDERAT O TENTATIV\u0102 DE FRAUDARE A SITE-ULUI \u0218I VA FACE OBIECTUL UNEI PL\u00c2NGERI PENALE LA ORGANELE DE POLI\u021aIE, \u00ceMPOTRIVA ACELUIA SAU ACELORA CARE A (U) \u00ceNCERCAT ACEST FAPT.<\/p><p>Fiind de acord cu ace\u0219ti Termeni \u0219i Condi\u021bii, clientul \u00ee\u0219i asum\u0103 \u00een totalitate r\u0103spunderea.<\/p><p>Legisla\u021bia rom\u00e2n\u0103 \u00een cazul comer\u021bului electronic:<br \/>&#8211; Legea comer\u021bului electronic &#8211; 365\/2002<br \/>&#8211; Regulament nr. 4\/2002 al BNR privind tranzac\u021biile efectuate prin intermediul instrumentelor de plat\u0103 electronic\u0103 \u0219i rela\u021biile dintre participan\u021bii la aceste tranzac\u021bii<br \/>&#8211; Ordinul 16\/2003 al MCTI privind procedura de avizare a instrumentelor de plat\u0103 cu acces la distan\u021b\u0103, de tipul aplica\u021biilor Internet-banking sau home-banking &#8211; Legea semn\u0103turii electronice &#8211; 429\/2001<br \/>&#8211; Norme tehnice \u0219i metodologice din 13 decembrie 2001 pentru aplicarea Legii nr. 455\/2001 privind semn\u0103tura electronic\u0103<br \/>&#8211; Legea 51\/2003 pentru aprobarea Ordonan\u021bei Guvernului nr. 130\/2000 privind regimul juridic al contractelor la distan\u021b\u0103<br \/>&#8211; Ordonan\u021ba nr. 130\/2000 privind regimul juridic al contractelor la distan\u021b\u0103<br \/>&#8211; Hot\u0103r\u00e2rea Guvernului nr. 1308 din 11\/20\/2002 privind aprobarea Normelor metodologice pentru aplicarea Legii 365\/2002 privind comer\u021bul electronic<br \/>&#8211; Legea privind clauzele abuzive \u00eencheiate \u00eentre comercian\u021bi \u0219i consumatori, nr. 193\/2000;<br \/>&#8211; Legea nr 8\/1996 privind dreptul de autor \u0219i drepturile conexe<br \/>&#8211; Dispozi\u021bii privind Prevenirea \u0219i combaterea criminalit\u0103\u021bii informatice (Titlul III din Legea 161 din 19\/04\/2003 privind unele m\u0103suri pentru asigurarea transparen\u021bei \u00een exercitarea demnit\u0103\u021bilor publice, a func\u021biilor publice \u0219i \u00een mediul de afaceri, prevenirea \u0219i sanc\u021bionarea corup\u021biei &#8211; Publicat \u00een Monitorul Oficial, Partea I nr. 279 din 21\/04\/2003)<br \/>&#8211; Legea privind prevenirea \u0219i combaterea pornografiei &#8211; 196\/2003 publicat\u0103 \u00een Monitorul Oficial Nr. 342 \/ 20 mai 2003<\/p><p>SC SKYLEIST CONS SRL<br \/>Date fiscale: J29\/439\/2011 Cod Unic de \u00cenregistrare 28222104<br \/>Adresa: Municipiul Ploie\u0219ti, Str. Ion Luca Caragiale 4 E, Etaj P, camera 1, Jude\u021b Prahova. Rom\u00e2nia<\/p>\t\t\t\t\t\t\t\t<\/div>\n\t\t\t\t<\/div>\n\t\t\t\t\t<\/div>\n\t\t<\/div>\n\t\t\t\t\t<\/div>\n\t\t<\/section>\n\t\t\t\t<\/div>","protected":false},"excerpt":{"rendered":"<p>Folosind site-ul www.alessiohotel.ro (denumit \u00een continuare \u0219i alessiohotel.ro), sunte\u021bi implicit de acord cu Termenii \u0219i Condi\u021biile de Utilizare de mai jos. Pentru folosirea \u00een cele mai bune condi\u021bii a site-ului, se recomand\u0103 citirea cu aten\u021bie a Termenilor \u0219i Condi\u021biilor de Utilizare. \u00cen cazul \u00een care nu sunte\u021bi de acord cu Termenii \u0219i Condi\u021biile de Utilizare, &#8230;<\/p>","protected":false},"author":1,"featured_media":0,"parent":0,"menu_order":0,"comment_status":"closed","ping_status":"closed","template":"template-fullwidth.php","meta":{"slim_seo":{"title":"Termeni si Condi\u021bii - Alessio Hotel &amp; Residence","description":"Folosind site-ul www.alessiohotel.ro (denumit \u00een continuare \u0219i alessiohotel.ro), sunte\u021bi implicit de acord cu Termenii \u0219i Condi\u021biile de Utilizare de mai jos. Pe"},"cozystay_single_page_hide_site_header":"","cozystay_single_page_site_header_source":"","cozystay_single_page_custom_site_header":"0","cozystay_single_page_custom_sticky_site_header":"0","cozystay_single_page_hide_page_title":"","cozystay_single_page_header_section_size":"","cozystay_single_page_header_background_color":"","cozystay_single_page_header_background_position_x":"center","cozystay_single_page_header_background_position_y":"center","cozystay_single_page_header_background_size":"cover","cozystay_single_page_header_background_repeat":"off","cozystay_single_page_header_background_scroll":"on","cozystay_single_page_header_text_color":"","cozystay_single_page_header_show_breadcrumb":"","cozystay_single_page_site_footer_hide_main":"","cozystay_single_custom_site_footer_main_source":"custom","cozystay_single_custom_site_footer_main":"2459","cozystay_single_page_site_footer_hide_above":"","cozystay_single_custom_site_footer_above_source":"","cozystay_single_custom_site_footer_above":"0","cozystay_single_page_site_footer_hide_instagram":"","cozystay_single_page_site_footer_hide_bottom":"","cozystay_single_custom_mobile_menu_source":"","cozystay_single_custom_mobile_menu":"0","cozystay_single_custom_mobile_menu_animation":"","cozystay_single_custom_mobile_menu_width":"","cozystay_single_custom_mobile_menu_custom_width":375,"footnotes":""},"class_list":["post-2","page","type-page","status-publish","hentry"],"_links":{"self":[{"href":"https:\/\/alessiohotel.ro\/en\/wp-json\/wp\/v2\/pages\/2","targetHints":{"allow":["GET"]}}],"collection":[{"href":"https:\/\/alessiohotel.ro\/en\/wp-json\/wp\/v2\/pages"}],"about":[{"href":"https:\/\/alessiohotel.ro\/en\/wp-json\/wp\/v2\/types\/page"}],"author":[{"embeddable":true,"href":"https:\/\/alessiohotel.ro\/en\/wp-json\/wp\/v2\/users\/1"}],"replies":[{"embeddable":true,"href":"https:\/\/alessiohotel.ro\/en\/wp-json\/wp\/v2\/comments?post=2"}],"version-history":[{"count":1,"href":"https:\/\/alessiohotel.ro\/en\/wp-json\/wp\/v2\/pages\/2\/revisions"}],"predecessor-version":[{"id":4051,"href":"https:\/\/alessiohotel.ro\/en\/wp-json\/wp\/v2\/pages\/2\/revisions\/4051"}],"wp:attachment":[{"href":"https:\/\/alessiohotel.ro\/en\/wp-json\/wp\/v2\/media?parent=2"}],"curies":[{"name":"wp","href":"https:\/\/api.w.org\/{rel}","templated":true}]}}